{"id":163,"date":"2023-10-25T06:20:10","date_gmt":"2023-10-25T06:20:10","guid":{"rendered":"https:\/\/vero.skydoo.com.pl\/?page_id=163"},"modified":"2023-12-04T12:22:11","modified_gmt":"2023-12-04T12:22:11","slug":"cennik","status":"publish","type":"page","link":"https:\/\/vero.skydoo.com.pl\/?page_id=163","title":{"rendered":"Cennik"},"content":{"rendered":"\t\t<div data-elementor-type=\"wp-page\" data-elementor-id=\"163\" class=\"elementor elementor-163\" data-elementor-post-type=\"page\">\n\t\t\t\t<div class=\"elementor-element elementor-element-6de4afc e-flex e-con-boxed e-con e-parent\" data-id=\"6de4afc\" data-element_type=\"container\" data-settings=\"{&quot;background_background&quot;:&quot;classic&quot;}\">\n\t\t\t\t\t<div class=\"e-con-inner\">\n\t\t\t\t<div class=\"elementor-element elementor-element-acc6166 elementor-widget__width-initial elementor-widget elementor-widget-heading\" data-id=\"acc6166\" data-element_type=\"widget\" data-widget_type=\"heading.default\">\n\t\t\t\t<div class=\"elementor-widget-container\">\n\t\t\t\t\t<h2 class=\"elementor-heading-title elementor-size-default\">CENNIK<\/h2>\t\t\t\t<\/div>\n\t\t\t\t<\/div>\n\t\t\t\t<div class=\"elementor-element elementor-element-92f2b2a elementor-widget elementor-widget-heading\" data-id=\"92f2b2a\" data-element_type=\"widget\" data-widget_type=\"heading.default\">\n\t\t\t\t<div class=\"elementor-widget-container\">\n\t\t\t\t\t<h2 class=\"elementor-heading-title elementor-size-default\">Us\u0142ugi ksi\u0119gowe \n <Br>\n<span style=\"font-size: 95px;font-weight: 700\">VERO<\/span><\/h2>\t\t\t\t<\/div>\n\t\t\t\t<\/div>\n\t\t\t\t\t<\/div>\n\t\t\t\t<\/div>\n\t\t<div class=\"elementor-element elementor-element-4768c82 e-flex e-con-boxed e-con e-parent\" data-id=\"4768c82\" data-element_type=\"container\" data-settings=\"{&quot;background_background&quot;:&quot;classic&quot;}\">\n\t\t\t\t\t<div class=\"e-con-inner\">\n\t\t\t\t<div class=\"elementor-element elementor-element-30582c7 elementor-widget-divider--view-line elementor-widget elementor-widget-divider\" data-id=\"30582c7\" data-element_type=\"widget\" data-widget_type=\"divider.default\">\n\t\t\t\t<div class=\"elementor-widget-container\">\n\t\t\t\t\t\t\t<div class=\"elementor-divider\">\n\t\t\t<span class=\"elementor-divider-separator\">\n\t\t\t\t\t\t<\/span>\n\t\t<\/div>\n\t\t\t\t\t\t<\/div>\n\t\t\t\t<\/div>\n\t\t\t\t<div class=\"elementor-element elementor-element-ec26df3 elementor-widget elementor-widget-heading\" data-id=\"ec26df3\" data-element_type=\"widget\" data-widget_type=\"heading.default\">\n\t\t\t\t<div class=\"elementor-widget-container\">\n\t\t\t\t\t<h2 class=\"elementor-heading-title elementor-size-default\">Profesjonalna Kompleksowa Obs\u0142uga Ksi\u0119gowa<\/h2>\t\t\t\t<\/div>\n\t\t\t\t<\/div>\n\t\t\t\t<div class=\"elementor-element elementor-element-08121fa elementor-widget elementor-widget-text-editor\" data-id=\"08121fa\" data-element_type=\"widget\" data-widget_type=\"text-editor.default\">\n\t\t\t\t<div class=\"elementor-widget-container\">\n\t\t\t\t\t\t\t\t\t<p>Zlecaj\u0105c prowadzenie ksi\u0105g rachunkowych oraz swoj\u0105 ksi\u0119gowo\u015b\u0107 i podatki naszej firmie, zapewniasz sobie:<\/p>\t\t\t\t\t\t\t\t<\/div>\n\t\t\t\t<\/div>\n\t\t\t\t\t<\/div>\n\t\t\t\t<\/div>\n\t\t<div class=\"elementor-element elementor-element-b780907 e-con-full e-flex e-con e-parent\" data-id=\"b780907\" data-element_type=\"container\">\n\t\t<div class=\"elementor-element elementor-element-b129570 e-con-full e-flex e-con e-child\" data-id=\"b129570\" data-element_type=\"container\" data-settings=\"{&quot;background_background&quot;:&quot;classic&quot;}\">\n\t\t<div class=\"elementor-element elementor-element-9bc1bb3 e-flex e-con-boxed e-con e-child\" data-id=\"9bc1bb3\" data-element_type=\"container\">\n\t\t\t\t\t<div class=\"e-con-inner\">\n\t\t\t\t<div class=\"elementor-element elementor-element-39eb262 elementor-widget elementor-widget-heading\" data-id=\"39eb262\" data-element_type=\"widget\" data-widget_type=\"heading.default\">\n\t\t\t\t<div class=\"elementor-widget-container\">\n\t\t\t\t\t<h2 class=\"elementor-heading-title elementor-size-default\">Cennik<\/h2>\t\t\t\t<\/div>\n\t\t\t\t<\/div>\n\t\t\t\t<div class=\"elementor-element elementor-element-00c1894 elementor-widget-divider--view-line elementor-widget elementor-widget-divider\" data-id=\"00c1894\" data-element_type=\"widget\" data-widget_type=\"divider.default\">\n\t\t\t\t<div class=\"elementor-widget-container\">\n\t\t\t\t\t\t\t<div class=\"elementor-divider\">\n\t\t\t<span class=\"elementor-divider-separator\">\n\t\t\t\t\t\t<\/span>\n\t\t<\/div>\n\t\t\t\t\t\t<\/div>\n\t\t\t\t<\/div>\n\t\t\t\t<div class=\"elementor-element elementor-element-8228657 elementor-widget elementor-widget-text-editor\" data-id=\"8228657\" data-element_type=\"widget\" data-widget_type=\"text-editor.default\">\n\t\t\t\t<div class=\"elementor-widget-container\">\n\t\t\t\t\t\t\t\t\t<p>Ceny us\u0142ug ksi\u0119gowych ustalane s\u0105 indywidualnie dla ka\u017cdego Klienta w drodze negocjacji i uzale\u017cnione s\u0105 od:<\/p><p>\u2022 formy ksi\u0105g podatkowych ( np. Ksi\u0119gi handlowe, PKPiR, rycza\u0142t)<br \/>\u2022 formy prawnej ( np. osoba fizyczna, sp\u00f3\u0142ka cywilna, sp.z o.o.)<br \/>\u2022 ilo\u015bci dokument\u00f3w ksi\u0119gowych<br \/>\u2022 innych ( np. Firma jest p\u0142atnikiem vat, transakcje zagraniczne itp.)<\/p>\t\t\t\t\t\t\t\t<\/div>\n\t\t\t\t<\/div>\n\t\t\t\t<div class=\"elementor-element elementor-element-17c790b elementor-widget elementor-widget-text-editor\" data-id=\"17c790b\" data-element_type=\"widget\" data-widget_type=\"text-editor.default\">\n\t\t\t\t<div class=\"elementor-widget-container\">\n\t\t\t\t\t\t\t\t\t<p>AKCEPTOWALNE FORMY P\u0141ATNO\u015aCI:<\/p><p>\u2022 got\u00f3wka<br \/>\u2022 przelew<\/p><p>Zapraszamy do kontaktu z nami a na pewno ustalimy cen\u0119 odpowiedni\u0105 dla Pa\u0144stwa.<\/p>\t\t\t\t\t\t\t\t<\/div>\n\t\t\t\t<\/div>\n\t\t\t\t<div class=\"elementor-element elementor-element-dbbf0d4 elementor-widget elementor-widget-button\" data-id=\"dbbf0d4\" data-element_type=\"widget\" data-widget_type=\"button.default\">\n\t\t\t\t<div class=\"elementor-widget-container\">\n\t\t\t\t\t\t\t\t\t<div class=\"elementor-button-wrapper\">\n\t\t\t\t\t<a class=\"elementor-button elementor-button-link elementor-size-sm\" href=\"#\">\n\t\t\t\t\t\t<span class=\"elementor-button-content-wrapper\">\n\t\t\t\t\t\t\t\t\t<span class=\"elementor-button-text\">KONTAKT<\/span>\n\t\t\t\t\t<\/span>\n\t\t\t\t\t<\/a>\n\t\t\t\t<\/div>\n\t\t\t\t\t\t\t\t<\/div>\n\t\t\t\t<\/div>\n\t\t\t\t\t<\/div>\n\t\t\t\t<\/div>\n\t\t\t\t<\/div>\n\t\t<div class=\"elementor-element elementor-element-d60ed0b e-con-full e-flex e-con e-child\" data-id=\"d60ed0b\" data-element_type=\"container\" data-settings=\"{&quot;background_background&quot;:&quot;classic&quot;}\">\n\t\t\t\t<\/div>\n\t\t\t\t<\/div>\n\t\t\t\t<\/div>\n\t\t","protected":false},"excerpt":{"rendered":"<p>CENNIK Us\u0142ugi ksi\u0119gowe VERO Profesjonalna Kompleksowa Obs\u0142uga Ksi\u0119gowa Zlecaj\u0105c prowadzenie ksi\u0105g rachunkowych oraz swoj\u0105 ksi\u0119gowo\u015b\u0107 i podatki naszej firmie, zapewniasz sobie: Cennik Ceny us\u0142ug ksi\u0119gowych ustalane s\u0105 indywidualnie dla ka\u017cdego Klienta w drodze negocjacji i uzale\u017cnione s\u0105 od: \u2022 formy ksi\u0105g podatkowych ( np. Ksi\u0119gi handlowe, PKPiR, rycza\u0142t)\u2022 formy prawnej ( np. osoba fizyczna, sp\u00f3\u0142ka [&hellip;]<\/p>\n","protected":false},"author":1,"featured_media":0,"parent":0,"menu_order":0,"comment_status":"closed","ping_status":"closed","template":"elementor_header_footer","meta":{"footnotes":""},"class_list":["post-163","page","type-page","status-publish","hentry"],"_links":{"self":[{"href":"https:\/\/vero.skydoo.com.pl\/index.php?rest_route=\/wp\/v2\/pages\/163","targetHints":{"allow":["GET"]}}],"collection":[{"href":"https:\/\/vero.skydoo.com.pl\/index.php?rest_route=\/wp\/v2\/pages"}],"about":[{"href":"https:\/\/vero.skydoo.com.pl\/index.php?rest_route=\/wp\/v2\/types\/page"}],"author":[{"embeddable":true,"href":"https:\/\/vero.skydoo.com.pl\/index.php?rest_route=\/wp\/v2\/users\/1"}],"replies":[{"embeddable":true,"href":"https:\/\/vero.skydoo.com.pl\/index.php?rest_route=%2Fwp%2Fv2%2Fcomments&post=163"}],"version-history":[{"count":13,"href":"https:\/\/vero.skydoo.com.pl\/index.php?rest_route=\/wp\/v2\/pages\/163\/revisions"}],"predecessor-version":[{"id":252,"href":"https:\/\/vero.skydoo.com.pl\/index.php?rest_route=\/wp\/v2\/pages\/163\/revisions\/252"}],"wp:attachment":[{"href":"https:\/\/vero.skydoo.com.pl\/index.php?rest_route=%2Fwp%2Fv2%2Fmedia&parent=163"}],"curies":[{"name":"wp","href":"https:\/\/api.w.org\/{rel}","templated":true}]}}